{"id":29577,"date":"2026-03-30T10:32:10","date_gmt":"2026-03-30T07:32:10","guid":{"rendered":"https:\/\/izmitkusursuztemizlik.com\/?page_id=29577"},"modified":"2026-03-30T10:32:10","modified_gmt":"2026-03-30T07:32:10","slug":"insaat-sonrasi-temizligi-fiyat-teklifi","status":"publish","type":"page","link":"https:\/\/izmitkusursuztemizlik.com\/?page_id=29577","title":{"rendered":"\u0130n\u015faat Sonras\u0131 Temizli\u011fi Fiyat Teklifi"},"content":{"rendered":"<style id=\"wpforms-css-vars-29548\">\n\t\t\t\t#wpforms-29548 {\n\t\t\t\t--wpforms-container-padding: 0px;\n--wpforms-container-border-width: 1px;\n--wpforms-container-border-radius: 3px;\n--wpforms-background-color: rgba(0, 0, 0, 0);\n--wpforms-field-size-input-height: 43px;\n--wpforms-field-size-input-spacing: 15px;\n--wpforms-field-size-font-size: 16px;\n--wpforms-field-size-line-height: 19px;\n--wpforms-field-size-padding-h: 14px;\n--wpforms-field-size-checkbox-size: 16px;\n--wpforms-field-size-sublabel-spacing: 5px;\n--wpforms-field-size-icon-size: 1;\n--wpforms-label-size-font-size: 16px;\n--wpforms-label-size-line-height: 19px;\n--wpforms-label-size-sublabel-font-size: 14px;\n--wpforms-label-size-sublabel-line-height: 17px;\n--wpforms-button-size-font-size: 17px;\n--wpforms-button-size-height: 41px;\n--wpforms-button-size-padding-h: 15px;\n--wpforms-button-size-margin-top: 10px;\n--wpforms-container-shadow-size-box-shadow: none;\n\t\t\t}\n\t\t\t<\/style><div class=\"wpforms-container wpforms-container-full wpforms-render-modern\" id=\"wpforms-29548\"><form id=\"wpforms-form-29548\" class=\"wpforms-validate wpforms-form wpforms-ajax-form\" data-formid=\"29548\" method=\"post\" enctype=\"multipart\/form-data\" action=\"\/index.php?rest_route=%2Fwp%2Fv2%2Fpages%2F29577\" data-token=\"3c2835f835c829aef5ca3f76d2bb0f10\" data-token-time=\"1778879864\"><noscript class=\"wpforms-error-noscript\">Bu formu bitirebilmek i\u00e7in taray\u0131c\u0131n\u0131zda JavaScript&#039;i etkinle\u015ftirin.<\/noscript><div id=\"wpforms-error-noscript\" style=\"display: none;\">Bu formu bitirebilmek i\u00e7in taray\u0131c\u0131n\u0131zda JavaScript&#039;i etkinle\u015ftirin.<\/div><div class=\"wpforms-field-container\">\t\t<div id=\"wpforms-29548-field_1-container\"\n\t\t\tclass=\"wpforms-field wpforms-field-text\"\n\t\t\tdata-field-type=\"text\"\n\t\t\tdata-field-id=\"1\"\n\t\t\t>\n\t\t\t<label class=\"wpforms-field-label\" for=\"wpforms-29548-field_1\" >Numaras\u0131 Alan\u0131n \u0130l\u00e7e<\/label>\n\t\t\t<input type=\"text\" id=\"wpforms-29548-field_1\" class=\"wpforms-field-medium\" name=\"wpforms[fields][1]\" >\n\t\t<\/div>\n\t\t<div id=\"wpforms-29548-field_2-container\" class=\"wpforms-field wpforms-field-name\" data-field-id=\"2\"><fieldset><legend class=\"wpforms-field-label\">Ad Soyad <span class=\"wpforms-required-label\" aria-hidden=\"true\">*<\/span><\/legend><div class=\"wpforms-field-row wpforms-field-medium\"><div class=\"wpforms-field-row-block wpforms-first wpforms-one-half\"><input type=\"text\" id=\"wpforms-29548-field_2\" class=\"wpforms-field-name-first wpforms-field-required\" name=\"wpforms[fields][2][first]\" aria-errormessage=\"wpforms-29548-field_2-error\" required><label for=\"wpforms-29548-field_2\" class=\"wpforms-field-sublabel after\">Ad<\/label><\/div><div class=\"wpforms-field-row-block wpforms-one-half\"><input type=\"text\" id=\"wpforms-29548-field_2-last\" class=\"wpforms-field-name-last wpforms-field-required\" name=\"wpforms[fields][2][last]\" aria-errormessage=\"wpforms-29548-field_2-last-error\" required><label for=\"wpforms-29548-field_2-last\" class=\"wpforms-field-sublabel after\">Soyad<\/label><\/div><\/div><\/fieldset><\/div><div id=\"wpforms-29548-field_16-container\" class=\"wpforms-field wpforms-field-text\" data-field-id=\"16\"><label class=\"wpforms-field-label\" for=\"wpforms-29548-field_16\">Telefon Numaras\u0131 <span class=\"wpforms-required-label\" aria-hidden=\"true\">*<\/span><\/label><input type=\"text\" id=\"wpforms-29548-field_16\" class=\"wpforms-field-medium wpforms-field-required\" name=\"wpforms[fields][16]\" aria-errormessage=\"wpforms-29548-field_16-error\" required><\/div><div id=\"wpforms-29548-field_5-container\" class=\"wpforms-field wpforms-field-email\" data-field-id=\"5\"><label class=\"wpforms-field-label\" for=\"wpforms-29548-field_5\">E-posta <span class=\"wpforms-required-label\" aria-hidden=\"true\">*<\/span><\/label><input type=\"email\" id=\"wpforms-29548-field_5\" class=\"wpforms-field-medium wpforms-field-required\" name=\"wpforms[fields][5]\" spellcheck=\"false\" aria-errormessage=\"wpforms-29548-field_5-error\" required><\/div><div id=\"wpforms-29548-field_4-container\" class=\"wpforms-field wpforms-field-select wpforms-field-select-style-classic\" data-field-id=\"4\"><label class=\"wpforms-field-label\" for=\"wpforms-29548-field_4\">\u0130l\u00e7e <span class=\"wpforms-required-label\" aria-hidden=\"true\">*<\/span><\/label><select id=\"wpforms-29548-field_4\" class=\"wpforms-field-medium wpforms-field-required\" name=\"wpforms[fields][4]\" required=\"required\"><option value=\"\" class=\"placeholder\" disabled  selected='selected'>\u0130l\u00e7e Se\u00e7iniz<\/option><option value=\"Ba\u015fiskele\"  class=\"choice-4 depth-1\"  >Ba\u015fiskele<\/option><option value=\"\u00c7ay\u0131rova\"  class=\"choice-5 depth-1\"  >\u00c7ay\u0131rova<\/option><option value=\"Dar\u0131ca\"  class=\"choice-6 depth-1\"  >Dar\u0131ca<\/option><option value=\"Derince\"  class=\"choice-7 depth-1\"  >Derince<\/option><option value=\"Dilovas\u0131\"  class=\"choice-8 depth-1\"  >Dilovas\u0131<\/option><option value=\"Gebze\"  class=\"choice-9 depth-1\"  >Gebze<\/option><option value=\"G\u00f6lc\u00fck\"  class=\"choice-10 depth-1\"  >G\u00f6lc\u00fck<\/option><option value=\"\u0130zmit\"  class=\"choice-11 depth-1\"  >\u0130zmit<\/option><option value=\"Kand\u0131ra\"  class=\"choice-12 depth-1\"  >Kand\u0131ra<\/option><option value=\"Karam\u00fcrsel\"  class=\"choice-13 depth-1\"  >Karam\u00fcrsel<\/option><option value=\"Kartepe\"  class=\"choice-14 depth-1\"  >Kartepe<\/option><option value=\"K\u00f6rfez\"  class=\"choice-15 depth-1\"  >K\u00f6rfez<\/option><\/select><\/div><div id=\"wpforms-29548-field_15-container\" class=\"wpforms-field wpforms-field-checkbox\" data-field-id=\"15\"><fieldset><legend class=\"wpforms-field-label\">Temizlik Yap\u0131lacak Alan\u0131n Detaylar\u0131<\/legend><ul id=\"wpforms-29548-field_15\"><li class=\"choice-6 depth-1\"><input type=\"checkbox\" id=\"wpforms-29548-field_15_6\" name=\"wpforms[fields][15][]\" value=\"Zeminlerde yo\u011fun al\u00e7\u0131 veya har\u00e7 kal\u0131nt\u0131s\u0131 var m\u0131?\" aria-errormessage=\"wpforms-29548-field_15_6-error\"  ><label class=\"wpforms-field-label-inline\" for=\"wpforms-29548-field_15_6\">Zeminlerde yo\u011fun al\u00e7\u0131 veya har\u00e7 kal\u0131nt\u0131s\u0131 var m\u0131?<\/label><\/li><li class=\"choice-7 depth-1\"><input type=\"checkbox\" id=\"wpforms-29548-field_15_7\" name=\"wpforms[fields][15][]\" value=\"Camlarda kurumu\u015f koruma folyolar\u0131 veya etiketler duruyor mu?\" aria-errormessage=\"wpforms-29548-field_15_7-error\"  ><label class=\"wpforms-field-label-inline\" for=\"wpforms-29548-field_15_7\">Camlarda kurumu\u015f koruma folyolar\u0131 veya etiketler duruyor mu?<\/label><\/li><li class=\"choice-8 depth-1\"><input type=\"checkbox\" id=\"wpforms-29548-field_15_8\" name=\"wpforms[fields][15][]\" value=\"Pencere do\u011framalar\u0131nda (PVC) boya veya al\u00e7\u0131 lekeleri var m\u0131?\" aria-errormessage=\"wpforms-29548-field_15_8-error\"  ><label class=\"wpforms-field-label-inline\" for=\"wpforms-29548-field_15_8\">Pencere do\u011framalar\u0131nda (PVC) boya veya al\u00e7\u0131 lekeleri var m\u0131?<\/label><\/li><li class=\"choice-9 depth-1\"><input type=\"checkbox\" id=\"wpforms-29548-field_15_9\" name=\"wpforms[fields][15][]\" value=\"Banyo ve mutfak fayanslar\u0131nda derz dolgu art\u0131klar\u0131 var m\u0131?\" aria-errormessage=\"wpforms-29548-field_15_9-error\"  ><label class=\"wpforms-field-label-inline\" for=\"wpforms-29548-field_15_9\">Banyo ve mutfak fayanslar\u0131nda derz dolgu art\u0131klar\u0131 var m\u0131?<\/label><\/li><li class=\"choice-10 depth-1\"><input type=\"checkbox\" id=\"wpforms-29548-field_15_10\" name=\"wpforms[fields][15][]\" value=\"Mutfak dolaplar\u0131n\u0131n i\u00e7inde yo\u011fun tala\u015f veya toz yo\u011funlu\u011fu var m\u0131?\" aria-errormessage=\"wpforms-29548-field_15_10-error\"  ><label class=\"wpforms-field-label-inline\" for=\"wpforms-29548-field_15_10\">Mutfak dolaplar\u0131n\u0131n i\u00e7inde yo\u011fun tala\u015f veya toz yo\u011funlu\u011fu var m\u0131?<\/label><\/li><li class=\"choice-11 depth-1\"><input type=\"checkbox\" id=\"wpforms-29548-field_15_11\" name=\"wpforms[fields][15][]\" value=\"Panjur ve kepenklerin i\u00e7-d\u0131\u015f detayl\u0131 temizli\u011fi yap\u0131ls\u0131n m\u0131?\" aria-errormessage=\"wpforms-29548-field_15_11-error\"  ><label class=\"wpforms-field-label-inline\" for=\"wpforms-29548-field_15_11\">Panjur ve kepenklerin i\u00e7-d\u0131\u015f detayl\u0131 temizli\u011fi yap\u0131ls\u0131n m\u0131?<\/label><\/li><li class=\"choice-12 depth-1\"><input type=\"checkbox\" id=\"wpforms-29548-field_15_12\" name=\"wpforms[fields][15][]\" value=\"Balkon veya teraslarda in\u015faat at\u0131\u011f\u0131 temizli\u011fi istiyor musunuz?\" aria-errormessage=\"wpforms-29548-field_15_12-error\"  ><label class=\"wpforms-field-label-inline\" for=\"wpforms-29548-field_15_12\">Balkon veya teraslarda in\u015faat at\u0131\u011f\u0131 temizli\u011fi istiyor musunuz?<\/label><\/li><li class=\"choice-13 depth-1\"><input type=\"checkbox\" id=\"wpforms-29548-field_15_13\" name=\"wpforms[fields][15][]\" value=\"Cam balkon (katlan\u0131r cam) raylar\u0131n\u0131n detayl\u0131 temizli\u011fi yap\u0131ls\u0131n m\u0131?\" aria-errormessage=\"wpforms-29548-field_15_13-error\"  ><label class=\"wpforms-field-label-inline\" for=\"wpforms-29548-field_15_13\">Cam balkon (katlan\u0131r cam) raylar\u0131n\u0131n detayl\u0131 temizli\u011fi yap\u0131ls\u0131n m\u0131?<\/label><\/li><li class=\"choice-14 depth-1\"><input type=\"checkbox\" id=\"wpforms-29548-field_15_14\" name=\"wpforms[fields][15][]\" value=\"Radyat\u00f6r (petek) i\u00e7lerinin buhar makinesiyle vakumlanmas\u0131 yap\u0131ls\u0131n m\u0131?\" aria-errormessage=\"wpforms-29548-field_15_14-error\"  ><label class=\"wpforms-field-label-inline\" for=\"wpforms-29548-field_15_14\">Radyat\u00f6r (petek) i\u00e7lerinin buhar makinesiyle vakumlanmas\u0131 yap\u0131ls\u0131n m\u0131?<\/label><\/li><li class=\"choice-15 depth-1\"><input type=\"checkbox\" id=\"wpforms-29548-field_15_15\" name=\"wpforms[fields][15][]\" value=\"Duvarlar\u0131n tozunun al\u0131nmas\u0131 veya silinmesi gerekiyor mu?\" aria-errormessage=\"wpforms-29548-field_15_15-error\"  ><label class=\"wpforms-field-label-inline\" for=\"wpforms-29548-field_15_15\">Duvarlar\u0131n tozunun al\u0131nmas\u0131 veya silinmesi gerekiyor mu?<\/label><\/li><li class=\"choice-16 depth-1\"><input type=\"checkbox\" id=\"wpforms-29548-field_15_16\" name=\"wpforms[fields][15][]\" value=\"Tavan y\u00fcksekli\u011fi 3 metreden fazla m\u0131?\" aria-errormessage=\"wpforms-29548-field_15_16-error\"  ><label class=\"wpforms-field-label-inline\" for=\"wpforms-29548-field_15_16\">Tavan y\u00fcksekli\u011fi 3 metreden fazla m\u0131?<\/label><\/li><li class=\"choice-17 depth-1\"><input type=\"checkbox\" id=\"wpforms-29548-field_15_17\" name=\"wpforms[fields][15][]\" value=\"Alanda elektrik ve su ba\u011flant\u0131s\u0131 aktif mi?\" aria-errormessage=\"wpforms-29548-field_15_17-error\"  ><label class=\"wpforms-field-label-inline\" for=\"wpforms-29548-field_15_17\">Alanda elektrik ve su ba\u011flant\u0131s\u0131 aktif mi?<\/label><\/li><li class=\"choice-18 depth-1\"><input type=\"checkbox\" id=\"wpforms-29548-field_15_18\" name=\"wpforms[fields][15][]\" value=\"Kap\u0131lar\u0131n ve pervazlar\u0131n detayl\u0131 temizli\u011fi yap\u0131ls\u0131n m\u0131?\" aria-errormessage=\"wpforms-29548-field_15_18-error\"  ><label class=\"wpforms-field-label-inline\" for=\"wpforms-29548-field_15_18\">Kap\u0131lar\u0131n ve pervazlar\u0131n detayl\u0131 temizli\u011fi yap\u0131ls\u0131n m\u0131?<\/label><\/li><li class=\"choice-19 depth-1\"><input type=\"checkbox\" id=\"wpforms-29548-field_15_19\" name=\"wpforms[fields][15][]\" value=\"S\u00fcp\u00fcrgeliklerin \u00fczerindeki silikon ve al\u00e7\u0131 art\u0131klar\u0131n\u0131n kaz\u0131nmas\u0131 gerekiyor mu?\" aria-errormessage=\"wpforms-29548-field_15_19-error\"  ><label class=\"wpforms-field-label-inline\" for=\"wpforms-29548-field_15_19\">S\u00fcp\u00fcrgeliklerin \u00fczerindeki silikon ve al\u00e7\u0131 art\u0131klar\u0131n\u0131n kaz\u0131nmas\u0131 gerekiyor mu?<\/label><\/li><\/ul><\/fieldset><\/div><script>\n\t\t\t\t( function() {\n\t\t\t\t\tconst style = document.createElement( 'style' );\n\t\t\t\t\tstyle.appendChild( document.createTextNode( '#wpforms-29548-field_1-container { position: absolute !important; overflow: hidden !important; display: inline !important; height: 1px !important; width: 1px !important; z-index: -1000 !important; padding: 0 !important; } #wpforms-29548-field_1-container input { visibility: hidden; } #wpforms-conversational-form-page #wpforms-29548-field_1-container label { counter-increment: none; }' ) );\n\t\t\t\t\tdocument.head.appendChild( style );\n\t\t\t\t\tdocument.currentScript?.remove();\n\t\t\t\t} )();\n\t\t\t<\/script><\/div><!-- .wpforms-field-container --><div class=\"wpforms-submit-container\" ><input type=\"hidden\" name=\"wpforms[id]\" value=\"29548\"><input type=\"hidden\" name=\"page_title\" value=\"\"><input type=\"hidden\" name=\"page_url\" value=\"https:\/\/izmitkusursuztemizlik.com\/index.php?rest_route=\/wp\/v2\/pages\/29577\"><input type=\"hidden\" name=\"url_referer\" value=\"\"><button type=\"submit\" name=\"wpforms[submit]\" id=\"wpforms-submit-29548\" class=\"wpforms-submit\" data-alt-text=\"G\u00f6nderiliyor...\" data-submit-text=\"G\u00f6nder\" aria-live=\"assertive\" value=\"wpforms-submit\">G\u00f6nder<\/button><img loading=\"lazy\" decoding=\"async\" src=\"https:\/\/izmitkusursuztemizlik.com\/wp-content\/plugins\/wpforms-lite\/assets\/images\/submit-spin.svg\" class=\"wpforms-submit-spinner\" style=\"display: none;\" width=\"26\" height=\"26\" alt=\"Y\u00fckleniyor\"><\/div><\/form><\/div>  <!-- .wpforms-container -->\n","protected":false},"excerpt":{"rendered":"","protected":false},"author":1,"featured_media":0,"parent":0,"menu_order":0,"comment_status":"closed","ping_status":"closed","template":"","meta":{"footnotes":""},"class_list":["post-29577","page","type-page","status-publish","hentry"],"_links":{"self":[{"href":"https:\/\/izmitkusursuztemizlik.com\/index.php?rest_route=\/wp\/v2\/pages\/29577","targetHints":{"allow":["GET"]}}],"collection":[{"href":"https:\/\/izmitkusursuztemizlik.com\/index.php?rest_route=\/wp\/v2\/pages"}],"about":[{"href":"https:\/\/izmitkusursuztemizlik.com\/index.php?rest_route=\/wp\/v2\/types\/page"}],"author":[{"embeddable":true,"href":"https:\/\/izmitkusursuztemizlik.com\/index.php?rest_route=\/wp\/v2\/users\/1"}],"replies":[{"embeddable":true,"href":"https:\/\/izmitkusursuztemizlik.com\/index.php?rest_route=%2Fwp%2Fv2%2Fcomments&post=29577"}],"version-history":[{"count":1,"href":"https:\/\/izmitkusursuztemizlik.com\/index.php?rest_route=\/wp\/v2\/pages\/29577\/revisions"}],"predecessor-version":[{"id":29578,"href":"https:\/\/izmitkusursuztemizlik.com\/index.php?rest_route=\/wp\/v2\/pages\/29577\/revisions\/29578"}],"wp:attachment":[{"href":"https:\/\/izmitkusursuztemizlik.com\/index.php?rest_route=%2Fwp%2Fv2%2Fmedia&parent=29577"}],"curies":[{"name":"wp","href":"https:\/\/api.w.org\/{rel}","templated":true}]}}